{"id":1505,"date":"2025-04-02T15:59:58","date_gmt":"2025-04-02T14:59:58","guid":{"rendered":"https:\/\/morospin.net\/aplicacion\/"},"modified":"2025-12-02T12:58:32","modified_gmt":"2025-12-02T12:58:32","slug":"aplikacja","status":"publish","type":"page","link":"https:\/\/morospin.net\/pl\/aplikacja\/","title":{"rendered":"Aplikacja"},"content":{"rendered":"<h1>Morospin Casino Aplikacja<\/h1>\n<p>Jako najnowocze\u015bniejsze oprogramowanie kasyn online, Morospin App jest zoptymalizowana pod k\u0105tem wszystkich urz\u0105dze\u0144, w tym komputer\u00f3w, tablet\u00f3w i telefon\u00f3w kom\u00f3rkowych, dzi\u0119ki naszej najnowocze\u015bniejszej technologii. Je\u015bli wolisz cieszy\u0107 si\u0119 lepszymi wra\u017ceniami i gra\u0107 w swoje ulubione gry z dowolnego miejsca za pomoc\u0105 urz\u0105dzenia mobilnego, zapraszamy do wypr\u00f3bowania aplikacji Moro Spin, dedykowanej aplikacji mobilnej naszego kasyna online, kt\u00f3ra zapewni Ci bardziej wci\u0105gaj\u0105ce wra\u017cenia z gry.<\/p>\n<p>Nasza aplikacja Morospin zosta\u0142a zaprojektowana specjalnie dla urz\u0105dze\u0144 mobilnych z systemem Android i iOS. Po pobraniu i zainstalowaniu jej na telefonie uzyskasz dost\u0119p do wszystkich funkcji i korzy\u015bci naszego kasyna i b\u0119dziesz m\u00f3g\u0142 cieszy\u0107 si\u0119 ponad 6000 gier dost\u0119pnych w Morospin z dowolnego miejsca. Aby to zrobi\u0107, po prostu pobierz Morospin Casino app na sw\u00f3j telefon kom\u00f3rkowy ca\u0142kowicie bezp\u0142atnie. Po prostym procesie instalacji, trwaj\u0105cym zaledwie kilka minut, b\u0119dziesz m\u00f3g\u0142 uzyska\u0107 dost\u0119p do kasyna online na swoim telefonie, korzystaj\u0105c z konta u\u017cytkownika, aby rozpocz\u0105\u0107 gr\u0119 lub zarejestrowa\u0107 si\u0119 jako nowy u\u017cytkownik, je\u015bli nie masz jeszcze konta, i skorzysta\u0107 z naszych hojnych bonus\u00f3w powitalnych.<\/p>\n<p>Nasza aplikacja Morospin dzia\u0142a szybko i p\u0142ynnie oraz oferuje ekskluzywne promocje, takie jak bonusy, darmowe spiny i ekscytuj\u0105ce turnieje. Je\u015bli chcesz rozpocz\u0105\u0107 swoj\u0105 przygod\u0119 bezpo\u015brednio w aplikacji, po rejestracji automatycznie otrzymasz nasz bonus powitalny w wysoko\u015bci 1500 \u20ac + 250 darmowych spin\u00f3w.<\/p>\n<div class=\"banner-wrap\" aria-label=\"Banner\"><img src=\"https:\/\/morospin.net\/wp-content\/uploads\/2025\/05\/aFEyFjrErmrAeKF4kzIx-1.png\" class=\"w-100 d-none d-lg-block img-pc main-banner-img\" alt=\"Morospin Casino Bonus\" fetchpriority=\"high\" decoding=\"async\"><img src=\"https:\/\/morospin.net\/wp-content\/uploads\/2025\/05\/71QBC6UgXlhn7GlXEWCA-1.png\" class=\"w-100 d-none d-md-block d-lg-none main-banner-img\" alt=\"Morospin casino bonus\" fetchpriority=\"high\" decoding=\"async\"><img src=\"https:\/\/morospin.net\/wp-content\/uploads\/2025\/05\/71QBC6UgXlhn7GlXEWCA-1.png\" class=\"w-100 d-md-none\" alt=\"Morospin casino bonus\" fetchpriority=\"high\" decoding=\"async\"><div class=\"banner-description\">\n<div class=\"banner-title\">Bonus powitalny<\/div>\n<p class=\"banner-header-title\">1500 \u20ac<\/p>\n<div class=\"banner-header-AdditionalText\">+ 250 darmowych spin\u00f3w<\/div>\n<p>&nbsp;<\/p>\n<div class=\"m-button-content\"><button data-item=\"homepage_banner_link\" class=\"goto m-button m-gradient-border m-button--primary m-button--large banner-button btn-orange\">\n            <div class=\"m-button-content\">\n                <span>Zarejestruj si\u0119 teraz<\/span>\n                <span><\/span>\n            <\/div>\n        <\/button><\/div>\n<p>&nbsp;<\/p>\n<\/div>\n<div class=\"WelcomePack\">\n<p><img loading=\"lazy\" decoding=\"async\" class=\"alignnone size-full wp-image-1442\" src=\"https:\/\/morospin.net\/wp-content\/uploads\/2025\/10\/welcome-crown-1.svg\" alt=\"welcome crown\" width=\"25\" height=\"26\" \/><\/p>\n<div class=\"WelcomePack-Info\">\n<p>Cotygodniowy zwrot got\u00f3wki do 25%<\/p>\n<\/div>\n<p><img loading=\"lazy\" decoding=\"async\" class=\"alignnone size-full wp-image-1442\" src=\"https:\/\/morospin.net\/wp-content\/uploads\/2025\/10\/welcome-crown-1.svg\" alt=\"welcome crown\" width=\"25\" height=\"26\" \/><\/p>\n<\/div>\n<\/div>\n<h2>Najwa\u017cniejsze cechy<\/h2>\n<p>Korzystaj\u0105c z serwisu Moro Spin Casino, gracze maj\u0105 do dyspozycji szeroki wyb\u00f3r ponad 6000 tytu\u0142\u00f3w od najbardziej znanych i cenionych producent\u00f3w w bran\u017cy. Niezale\u017cnie od tego, czy preferujesz klasyczne, popularne gry losowe, czy nowatorskie gry oferuj\u0105ce nowe wra\u017cenia dzi\u0119ki zaawansowanej grafice i d\u017awi\u0119kom, w naszym kasynie online znajdziesz to, czego szukasz.<\/p>\n<p>Niezale\u017cnie od tego, czy korzystasz z naszej strony internetowej, czy dedykowanej aplikacji, w Morospin u\u017cytkownicy maj\u0105 do dyspozycji specjalne sekcje, kt\u00f3re zaspokoj\u0105 wszystkie ich potrzeby zwi\u0105zane z grami, w tym automaty, blackjack, gry pokerowe, ruletka, kasyno na \u017cywo z profesjonalnymi krupierami lub udzia\u0142 w ekscytuj\u0105cych turniejach.<\/p>\n<p>Nasze kasyno online Morospin znane jest z tego, \u017ce oferuje graczom bezpieczne i wci\u0105gaj\u0105ce wra\u017cenia w przyjaznym dla u\u017cytkownika \u015brodowisku, kt\u00f3re jest w pe\u0142ni dost\u0119pne z dowolnego urz\u0105dzenia, niezale\u017cnie od tego, czy jest to telefon kom\u00f3rkowy z systemem Android lub iOS, czy komputer z systemem Windows lub macOS.<\/p>\n<p>Skorzystaj z naszego pakietu powitalnego, kt\u00f3ry obejmuje bonusy o warto\u015bci do 1500 \u20ac i 250 darmowych spin\u00f3w. Dokonaj pierwszej wp\u0142aty, a otrzymasz 100% bonusu do 500 \u20ac oraz 150 darmowych spin\u00f3w. Przy drugiej wp\u0142acie mo\u017cesz otrzyma\u0107 55% bonusu do 500 \u20ac i 100 darmowych spin\u00f3w. A przy trzeciej wp\u0142acie skorzystaj z 100% bonusu do 500 \u20ac. Hojne jackpoty, nagrody i bonusy, a tak\u017ce r\u00f3\u017cne zni\u017cki i ca\u0142odobowa obs\u0142uga klienta dope\u0142niaj\u0105 t\u0119 wyj\u0105tkow\u0105 ofert\u0119, dzi\u0119ki czemu mo\u017cesz w pe\u0142ni cieszy\u0107 si\u0119 gr\u0105.<\/p>\n<p><div style=\"clear: both\"><\/div><div class=\"d-flex justify-content-center\"><button data-item=\"decouvrez_link\" data-group=\"website_links\" class=\"goto fw-bold rounded-pill btn btn-orange\" aria-label=\"Pobierz aplikacj\u0119 Morospin\" >Pobierz aplikacj\u0119 Morospin<\/button><\/div><div class=\"scrollable-content-wrap my-5\"><div class=\"scrollable-content-inner\"><h2>APK Morospin Casino (Android)<\/h2>\n<p>Proces pobierania i instalacji aplikacji Morospin online casino na telefon kom\u00f3rkowy z systemem Android jest r\u00f3wnie szybki, co \u0142atwy. Oto kr\u00f3tkie podsumowanie krok\u00f3w, kt\u00f3re nale\u017cy wykona\u0107, aby w ci\u0105gu kilku minut rozpocz\u0105\u0107 gr\u0119 w naszym kasynie online:<\/p>\n<ol>\n<li>Kliknij odpowiedni przycisk dla systemu Android i pobierz niezb\u0119dny plik APK.<\/li>\n<li>Zaakceptuj poni\u017csze pobieranie lub, je\u015bli wymaga tego Twoje urz\u0105dzenie, w\u0142\u0105cz opcj\u0119 \u201eInstaluj z nieznanych \u017ar\u00f3de\u0142\u201d w ustawieniach zabezpiecze\u0144. Ten komunikat bezpiecze\u0144stwa jest domy\u015blnie skonfigurowany na wszystkich urz\u0105dzeniach z systemem Android podczas pobierania spoza sklepu Google Play, ale mo\u017cesz mie\u0107 pewno\u015b\u0107, \u017ce nasza aplikacja jest ca\u0142kowicie bezpieczna dla Twojego urz\u0105dzenia.<\/li>\n<\/ol>\n<p>Po zako\u0144czeniu automatycznej instalacji b\u0119dziesz m\u00f3g\u0142 uzyska\u0107 dost\u0119p do aplikacji za pomoc\u0105 swojego konta u\u017cytkownika (utw\u00f3rz nowe, je\u015bli jeszcze go nie masz) i zacz\u0105\u0107 gra\u0107 na swoim telefonie kom\u00f3rkowym z systemem Android w ci\u0105gu zaledwie kilku minut.<\/p>\n<p><img loading=\"lazy\" decoding=\"async\" class=\"aligncenter wp-image-1164 size-full\" src=\"https:\/\/morospin.net\/wp-content\/uploads\/2025\/04\/1xSn3RTyEhbdqmUvLXCZ.png\" alt=\"morospin app\" width=\"1248\" height=\"536\" \/><\/p>\n<\/div><\/div><div style=\"clear: both\"><\/div><div class=\"d-flex justify-content-center\"><button data-item=\"decouvrez_link\" data-group=\"website_links\" class=\"goto fw-bold rounded-pill btn btn-orange\" aria-label=\"Pobierz aplikacj\u0119 Morospin\" >Pobierz aplikacj\u0119 Morospin<\/button><\/div><div class=\"scrollable-content-wrap my-5\"><div class=\"scrollable-content-inner\"><h2>Aplikacja Morospin Casino dla systemu iOS<\/h2>\n<p>Kasyno online Moro Spin posiada r\u00f3wnie\u017c dedykowan\u0105 i ekskluzywn\u0105 aplikacj\u0119 dla urz\u0105dze\u0144 z systemem iOS, dzi\u0119ki czemu mo\u017cesz cieszy\u0107 si\u0119 lepszymi wra\u017ceniami z gry i uzyska\u0107 dost\u0119p do ponad 6000 tytu\u0142\u00f3w bezpo\u015brednio z iPhone&#8217;a lub iPada. Wystarczy wykona\u0107 trzy proste kroki:<\/p>\n<ol>\n<li>Najpierw przejd\u017a do App Store na swoim iPhonie lub iPadzie i wpisz \u201eMorospin Casino\u201d w polu wyszukiwania. Nasza aplikacja pojawi si\u0119 jako pierwszy wynik wyszukiwania. Opr\u00f3cz mo\u017cliwo\u015bci bezpo\u015bredniego pobrania aplikacji na urz\u0105dzenie z systemem iOS, znajdziesz tam r\u00f3wnie\u017c jej opis.<\/li>\n<li>Wybierz opcj\u0119 \u201ePobierz z App Store\u201d, aby automatycznie rozpocz\u0105\u0107 pobieranie, a nast\u0119pnie po prostu potwierd\u017a instalacj\u0119 aplikacji na urz\u0105dzeniu z systemem iOS.<\/li>\n<li>Po pobraniu i zainstalowaniu aplikacji otw\u00f3rz j\u0105, aby zalogowa\u0107 si\u0119 na swoje konto u\u017cytkownika (je\u015bli ju\u017c je utworzy\u0142e\u015b) lub zarejestruj si\u0119 jako nowy u\u017cytkownik i zacznij cieszy\u0107 si\u0119 ekscytuj\u0105cymi grami i unikalnymi funkcjami oferowanymi przez Morospin Casino.<\/li>\n<\/ol>\n<\/div><\/div><div style=\"clear: both\"><\/div><div class=\"d-flex justify-content-center\"><button data-item=\"decouvrez_link\" data-group=\"website_links\" class=\"goto fw-bold rounded-pill btn btn-orange\" aria-label=\"Pobierz aplikacj\u0119 Morospin\" >Pobierz aplikacj\u0119 Morospin<\/button><\/div><div class=\"scrollable-content-wrap my-5\"><div class=\"scrollable-content-inner\"><h2>Morospin Casino dla Windows i macOS<\/h2>\n<p>Oficjalna strona Morospin Casino zosta\u0142a zaprojektowana tak, aby zapewni\u0107 naszym graczom jak najlepsze wra\u017cenia, niezale\u017cnie od systemu operacyjnego, urz\u0105dzenia lub przegl\u0105darki, z kt\u00f3rej korzystaj\u0105, aby uzyska\u0107 dost\u0119p do naszego kasyna online, dzi\u0119ki czemu mog\u0105 cieszy\u0107 si\u0119 ulubionymi grami z dowolnego miejsca.<\/p>\n<p>Je\u015bli korzystasz z komputera stacjonarnego lub laptopa z systemem Windows lub macOS, strona internetowa Morospin Casino zostanie w pe\u0142ni zoptymalizowana pod k\u0105tem Twojego urz\u0105dzenia podczas odwiedzania jej. Nasz interfejs, zawieraj\u0105cy wszystkie menu dost\u0119pne dla r\u00f3\u017cnych gier slotowych, krupier\u00f3w na \u017cywo, ruletki lub blackjacka, a tak\u017ce klub VIP i inne sekcje, automatycznie dostosuje si\u0119 do rozmiaru ekranu, dzi\u0119ki czemu b\u0119dziesz m\u00f3g\u0142 wygodnie porusza\u0107 si\u0119 po stronie, niezale\u017cnie od u\u017cywanej przegl\u0105darki lub systemu operacyjnego.<\/p>\n<p>Je\u015bli chcesz cieszy\u0107 si\u0119 bardziej spersonalizowan\u0105 rozgrywk\u0105, zapraszamy do wypr\u00f3bowania aplikacji Morospin Casino na komputery stacjonarne. Jest to program opracowany specjalnie dla komputer\u00f3w, kt\u00f3ry pozwoli Ci zainstalowa\u0107 nasze kasyno online w systemie Windows lub macOS i uzyska\u0107 dost\u0119p do gier bezpo\u015brednio przez ten program, zamiast otwiera\u0107 nowe sesje w przegl\u0105darce za ka\u017cdym razem, gdy chcesz zagra\u0107.<\/p>\n<\/div><\/div><div style=\"clear: both\"><\/div><div class=\"d-flex justify-content-center\"><button data-item=\"decouvrez_link\" data-group=\"website_links\" class=\"goto fw-bold rounded-pill btn btn-orange\" aria-label=\"Pobierz aplikacj\u0119 Morospin\" >Pobierz aplikacj\u0119 Morospin<\/button><\/div><div class=\"scrollable-content-wrap my-5\"><div class=\"scrollable-content-inner\"><h2>Cz\u0119sto zadawane pytania<\/h2>\n<h3>Czy aplikacja Morospin Casino posiada obs\u0142ug\u0119 klienta?<\/h3>\n<p>Tak, zesp\u00f3\u0142 obs\u0142ugi klienta Morospin Casino jest dost\u0119pny dla klient\u00f3w 24 godziny na dob\u0119, 7 dni w tygodniu, za po\u015brednictwem dowolnego urz\u0105dzenia, w tym aplikacji mobilnej. Mo\u017cesz skontaktowa\u0107 si\u0119 z naszym zespo\u0142em obs\u0142ugi klienta za po\u015brednictwem czatu na \u017cywo lub poczty elektronicznej.<\/p>\n<h3>Czy mog\u0119 korzysta\u0107 z aplikacji Morospin Casino na systemie Windows lub macOS?<\/h3>\n<p>Witryna Morospin Casino jest zoptymalizowana pod k\u0105tem prawid\u0142owego dzia\u0142ania na ka\u017cdym urz\u0105dzeniu z systemem Windows lub macOS, ale je\u015bli wolisz, mo\u017cesz r\u00f3wnie\u017c pobra\u0107 aplikacj\u0119 Morospin Casino na sw\u00f3j komputer stacjonarny lub laptop i cieszy\u0107 si\u0119 bardziej spersonalizowan\u0105 obs\u0142ug\u0105.<\/p>\n<h3>Czy potrzebuj\u0119 konta, aby korzysta\u0107 z aplikacji Morospin Casino?<\/h3>\n<p>Aby korzysta\u0107 z aplikacji Moro Spin Casino na urz\u0105dzeniu mobilnym, nale\u017cy po pobraniu aplikacji na telefon utworzy\u0107 konto u\u017cytkownika, aby uzyska\u0107 dost\u0119p do swojego konta. Mo\u017cna r\u00f3wnie\u017c skorzysta\u0107 z konta u\u017cytkownika utworzonego wcze\u015bniej na stronie internetowej i po\u0142\u0105czy\u0107 swoje dane klienta.<\/p>\n<h3>Czy mog\u0119 gra\u0107 w gry kasynowe na \u017cywo w aplikacji Morospin Casino?<\/h3>\n<p>Tak, gry kasynowe na \u017cywo, ruletka, automaty, blackjack i krupierzy na \u017cywo s\u0105 r\u00f3wnie\u017c dost\u0119pne i zoptymalizowane do gry za po\u015brednictwem aplikacji mobilnej Morospin Casino.<\/p>\n<h3>Czy wszystkie gry s\u0105 r\u00f3wnie\u017c dost\u0119pne w aplikacji?<\/h3>\n<p>Tak, niezale\u017cnie od urz\u0105dzenia, kt\u00f3rego u\u017cywasz, aby uzyska\u0107 dost\u0119p do kasyna online Morospin, lub je\u015bli robisz to za po\u015brednictwem naszej aplikacji mobilnej, b\u0119dziesz mie\u0107 pe\u0142ny dost\u0119p do ponad 6000 dost\u0119pnych gier, a tak\u017ce do wszystkich sekcji kasyna, w tym turniej\u00f3w i wydarze\u0144 oraz klubu VIP.<\/p>\n<h3>Jak zaktualizowa\u0107 aplikacj\u0119 Morospin Casino?<\/h3>\n<p>Po pobraniu aplikacji Moro Spin Casino na Androida lub iOS zostanie pobrana i zainstalowana najnowsza dost\u0119pna wersja aplikacji. Je\u015bli w p\u00f3\u017aniejszym terminie pojawi si\u0119 aktualizacja, automatycznie otrzymasz powiadomienie o konieczno\u015bci aktualizacji aplikacji na swoim urz\u0105dzeniu. Wystarczy zaakceptowa\u0107 aktualizacj\u0119, a zostanie ona zainstalowana automatycznie, zachowuj\u0105c dane u\u017cytkownika.<\/p>\n<h3>Jak wyp\u0142aci\u0107 zarobki za po\u015brednictwem aplikacji?<\/h3>\n<p>Wygrane uzyskane za po\u015brednictwem aplikacji Moro Spin Casino mo\u017cna wyp\u0142aci\u0107, korzystaj\u0105c z jednej z wielu dost\u0119pnych metod, w tym procesor\u00f3w p\u0142atno\u015bci, takich jak karty kredytowe i debetowe, Skrill, Neteller, przelew bankowy lub kryptowaluty, takie jak Bitcoin. Czas przetwarzania wyp\u0142aty uzyskanych wygranych zale\u017cy od wybranej metody p\u0142atno\u015bci.<\/p>\n<\/div><\/div><\/p>\n","protected":false},"excerpt":{"rendered":"<p>Morospin Casino Aplikacja Jako najnowocze\u015bniejsze oprogramowanie kasyn online, Morospin App jest zoptymalizowana pod k\u0105tem wszystkich urz\u0105dze\u0144, w tym komputer\u00f3w, tablet\u00f3w i telefon\u00f3w kom\u00f3rkowych, dzi\u0119ki naszej najnowocze\u015bniejszej technologii. Je\u015bli wolisz cieszy\u0107 si\u0119 lepszymi wra\u017ceniami i gra\u0107 w swoje ulubione gry z dowolnego miejsca za pomoc\u0105 urz\u0105dzenia mobilnego, zapraszamy do wypr\u00f3bowania aplikacji Moro Spin, dedykowanej aplikacji mobilnej [&hellip;]<\/p>\n","protected":false},"author":1,"featured_media":0,"parent":0,"menu_order":0,"comment_status":"closed","ping_status":"closed","template":"template-builder.php","meta":{"_acf_changed":false,"inline_featured_image":false,"footnotes":""},"class_list":["post-1505","page","type-page","status-publish","hentry"],"acf":[],"yoast_head":"<!-- This site is optimized with the Yoast SEO plugin v27.3 - https:\/\/yoast.com\/product\/yoast-seo-wordpress\/ -->\n<title>Morospin app \u2013 Android, iOS, Windows i Mac<\/title>\n<meta name=\"description\" content=\"Pobierz Morospin casino app na Android, iOS, Windows i Mac. Graj w ponad 6 000 gier, z krupierami na \u017cywo i automatami. Odbierz do 1 500 \u20ac + 250 darmowych spin\u00f3w i ciesz si\u0119 szybkimi wyp\u0142atami.\" \/>\n<meta name=\"robots\" content=\"index, follow, max-snippet:-1, max-image-preview:large, max-video-preview:-1\" \/>\n<link rel=\"canonical\" href=\"https:\/\/morospin.net\/pl\/aplikacja\/\" \/>\n<meta property=\"og:locale\" content=\"pl_PL\" \/>\n<meta property=\"og:type\" content=\"article\" \/>\n<meta property=\"og:title\" content=\"Morospin app \u2013 Android, iOS, Windows i Mac\" \/>\n<meta property=\"og:description\" content=\"Pobierz Morospin casino app na Android, iOS, Windows i Mac. Graj w ponad 6 000 gier, z krupierami na \u017cywo i automatami. Odbierz do 1 500 \u20ac + 250 darmowych spin\u00f3w i ciesz si\u0119 szybkimi wyp\u0142atami.\" \/>\n<meta property=\"og:url\" content=\"https:\/\/morospin.net\/pl\/aplikacja\/\" \/>\n<meta property=\"og:site_name\" content=\"Morospin\" \/>\n<meta property=\"article:modified_time\" content=\"2025-12-02T12:58:32+00:00\" \/>\n<meta name=\"twitter:card\" content=\"summary_large_image\" \/>\n<meta name=\"twitter:label1\" content=\"Est. reading time\" \/>\n\t<meta name=\"twitter:data1\" content=\"3 minutes\" \/>\n<script type=\"application\/ld+json\" class=\"yoast-schema-graph\">{\"@context\":\"https:\\\/\\\/schema.org\",\"@graph\":[{\"@type\":\"WebPage\",\"@id\":\"https:\\\/\\\/morospin.net\\\/pl\\\/aplikacja\\\/\",\"url\":\"https:\\\/\\\/morospin.net\\\/pl\\\/aplikacja\\\/\",\"name\":\"Morospin app \u2013 Android, iOS, Windows i Mac\",\"isPartOf\":{\"@id\":\"https:\\\/\\\/morospin.net\\\/pl\\\/#website\"},\"datePublished\":\"2025-04-02T14:59:58+00:00\",\"dateModified\":\"2025-12-02T12:58:32+00:00\",\"description\":\"Pobierz Morospin casino app na Android, iOS, Windows i Mac. Graj w ponad 6 000 gier, z krupierami na \u017cywo i automatami. Odbierz do 1 500 \u20ac + 250 darmowych spin\u00f3w i ciesz si\u0119 szybkimi wyp\u0142atami.\",\"breadcrumb\":{\"@id\":\"https:\\\/\\\/morospin.net\\\/pl\\\/aplikacja\\\/#breadcrumb\"},\"inLanguage\":\"pl-PL\",\"potentialAction\":[{\"@type\":\"ReadAction\",\"target\":[\"https:\\\/\\\/morospin.net\\\/pl\\\/aplikacja\\\/\"]}]},{\"@type\":\"BreadcrumbList\",\"@id\":\"https:\\\/\\\/morospin.net\\\/pl\\\/aplikacja\\\/#breadcrumb\",\"itemListElement\":[{\"@type\":\"ListItem\",\"position\":1,\"name\":\"Morospin\",\"item\":\"https:\\\/\\\/morospin.net\\\/pl\\\/\"},{\"@type\":\"ListItem\",\"position\":2,\"name\":\"Aplikacja\"}]},{\"@type\":\"WebSite\",\"@id\":\"https:\\\/\\\/morospin.net\\\/pl\\\/#website\",\"url\":\"https:\\\/\\\/morospin.net\\\/pl\\\/\",\"name\":\"Morospin\",\"description\":\"\",\"publisher\":{\"@id\":\"https:\\\/\\\/morospin.net\\\/pl\\\/#organization\"},\"potentialAction\":[{\"@type\":\"SearchAction\",\"target\":{\"@type\":\"EntryPoint\",\"urlTemplate\":\"https:\\\/\\\/morospin.net\\\/pl\\\/?s={search_term_string}\"},\"query-input\":{\"@type\":\"PropertyValueSpecification\",\"valueRequired\":true,\"valueName\":\"search_term_string\"}}],\"inLanguage\":\"pl-PL\"},{\"@type\":\"Organization\",\"@id\":\"https:\\\/\\\/morospin.net\\\/pl\\\/#organization\",\"name\":\"Morospin\",\"url\":\"https:\\\/\\\/morospin.net\\\/pl\\\/\",\"logo\":{\"@type\":\"ImageObject\",\"inLanguage\":\"pl-PL\",\"@id\":\"https:\\\/\\\/morospin.net\\\/pl\\\/#\\\/schema\\\/logo\\\/image\\\/\",\"url\":\"https:\\\/\\\/morospin.net\\\/wp-content\\\/uploads\\\/2025\\\/02\\\/logo-main.svg\",\"contentUrl\":\"https:\\\/\\\/morospin.net\\\/wp-content\\\/uploads\\\/2025\\\/02\\\/logo-main.svg\",\"width\":65,\"height\":33,\"caption\":\"Morospin\"},\"image\":{\"@id\":\"https:\\\/\\\/morospin.net\\\/pl\\\/#\\\/schema\\\/logo\\\/image\\\/\"}}]}<\/script>\n<!-- \/ Yoast SEO plugin. -->","yoast_head_json":{"title":"Morospin app \u2013 Android, iOS, Windows i Mac","description":"Pobierz Morospin casino app na Android, iOS, Windows i Mac. Graj w ponad 6 000 gier, z krupierami na \u017cywo i automatami. Odbierz do 1 500 \u20ac + 250 darmowych spin\u00f3w i ciesz si\u0119 szybkimi wyp\u0142atami.","robots":{"index":"index","follow":"follow","max-snippet":"max-snippet:-1","max-image-preview":"max-image-preview:large","max-video-preview":"max-video-preview:-1"},"canonical":"https:\/\/morospin.net\/pl\/aplikacja\/","og_locale":"pl_PL","og_type":"article","og_title":"Morospin app \u2013 Android, iOS, Windows i Mac","og_description":"Pobierz Morospin casino app na Android, iOS, Windows i Mac. Graj w ponad 6 000 gier, z krupierami na \u017cywo i automatami. Odbierz do 1 500 \u20ac + 250 darmowych spin\u00f3w i ciesz si\u0119 szybkimi wyp\u0142atami.","og_url":"https:\/\/morospin.net\/pl\/aplikacja\/","og_site_name":"Morospin","article_modified_time":"2025-12-02T12:58:32+00:00","twitter_card":"summary_large_image","twitter_misc":{"Est. reading time":"3 minutes"},"schema":{"@context":"https:\/\/schema.org","@graph":[{"@type":"WebPage","@id":"https:\/\/morospin.net\/pl\/aplikacja\/","url":"https:\/\/morospin.net\/pl\/aplikacja\/","name":"Morospin app \u2013 Android, iOS, Windows i Mac","isPartOf":{"@id":"https:\/\/morospin.net\/pl\/#website"},"datePublished":"2025-04-02T14:59:58+00:00","dateModified":"2025-12-02T12:58:32+00:00","description":"Pobierz Morospin casino app na Android, iOS, Windows i Mac. Graj w ponad 6 000 gier, z krupierami na \u017cywo i automatami. Odbierz do 1 500 \u20ac + 250 darmowych spin\u00f3w i ciesz si\u0119 szybkimi wyp\u0142atami.","breadcrumb":{"@id":"https:\/\/morospin.net\/pl\/aplikacja\/#breadcrumb"},"inLanguage":"pl-PL","potentialAction":[{"@type":"ReadAction","target":["https:\/\/morospin.net\/pl\/aplikacja\/"]}]},{"@type":"BreadcrumbList","@id":"https:\/\/morospin.net\/pl\/aplikacja\/#breadcrumb","itemListElement":[{"@type":"ListItem","position":1,"name":"Morospin","item":"https:\/\/morospin.net\/pl\/"},{"@type":"ListItem","position":2,"name":"Aplikacja"}]},{"@type":"WebSite","@id":"https:\/\/morospin.net\/pl\/#website","url":"https:\/\/morospin.net\/pl\/","name":"Morospin","description":"","publisher":{"@id":"https:\/\/morospin.net\/pl\/#organization"},"potentialAction":[{"@type":"SearchAction","target":{"@type":"EntryPoint","urlTemplate":"https:\/\/morospin.net\/pl\/?s={search_term_string}"},"query-input":{"@type":"PropertyValueSpecification","valueRequired":true,"valueName":"search_term_string"}}],"inLanguage":"pl-PL"},{"@type":"Organization","@id":"https:\/\/morospin.net\/pl\/#organization","name":"Morospin","url":"https:\/\/morospin.net\/pl\/","logo":{"@type":"ImageObject","inLanguage":"pl-PL","@id":"https:\/\/morospin.net\/pl\/#\/schema\/logo\/image\/","url":"https:\/\/morospin.net\/wp-content\/uploads\/2025\/02\/logo-main.svg","contentUrl":"https:\/\/morospin.net\/wp-content\/uploads\/2025\/02\/logo-main.svg","width":65,"height":33,"caption":"Morospin"},"image":{"@id":"https:\/\/morospin.net\/pl\/#\/schema\/logo\/image\/"}}]}},"_links":{"self":[{"href":"https:\/\/morospin.net\/pl\/wp-json\/wp\/v2\/pages\/1505","targetHints":{"allow":["GET"]}}],"collection":[{"href":"https:\/\/morospin.net\/pl\/wp-json\/wp\/v2\/pages"}],"about":[{"href":"https:\/\/morospin.net\/pl\/wp-json\/wp\/v2\/types\/page"}],"author":[{"embeddable":true,"href":"https:\/\/morospin.net\/pl\/wp-json\/wp\/v2\/users\/1"}],"replies":[{"embeddable":true,"href":"https:\/\/morospin.net\/pl\/wp-json\/wp\/v2\/comments?post=1505"}],"version-history":[{"count":2,"href":"https:\/\/morospin.net\/pl\/wp-json\/wp\/v2\/pages\/1505\/revisions"}],"predecessor-version":[{"id":1684,"href":"https:\/\/morospin.net\/pl\/wp-json\/wp\/v2\/pages\/1505\/revisions\/1684"}],"wp:attachment":[{"href":"https:\/\/morospin.net\/pl\/wp-json\/wp\/v2\/media?parent=1505"}],"curies":[{"name":"wp","href":"https:\/\/api.w.org\/{rel}","templated":true}]}}