{"id":1501,"date":"2025-04-02T15:59:58","date_gmt":"2025-04-02T14:59:58","guid":{"rendered":"https:\/\/morospin.net\/aplicacion\/"},"modified":"2025-12-02T12:27:11","modified_gmt":"2025-12-02T12:27:11","slug":"app","status":"publish","type":"page","link":"https:\/\/morospin.net\/fr\/app\/","title":{"rendered":"App"},"content":{"rendered":"<h1>Morospin Casino Application<\/h1>\n<p>En tant que logiciel de casino en ligne \u00e0 la pointe de la technologie, Morospin App est optimis\u00e9e pour tous les appareils, y compris les ordinateurs, les tablettes et les t\u00e9l\u00e9phones mobiles, gr\u00e2ce \u00e0 notre technologie de pointe. Si vous pr\u00e9f\u00e9rez profiter d\u2019une meilleure exp\u00e9rience et jouer \u00e0 vos jeux pr\u00e9f\u00e9r\u00e9s o\u00f9 que vous soyez via votre appareil mobile, nous vous invitons \u00e0 essayer l\u2019application Moro Spin, l\u2019application mobile d\u00e9di\u00e9e \u00e0 notre casino en ligne qui vous offrira une exp\u00e9rience de jeu plus immersive.<\/p>\n<p>Notre application Morospin est sp\u00e9cialement con\u00e7ue pour les appareils mobiles Android et iOS. Une fois t\u00e9l\u00e9charg\u00e9e et install\u00e9e sur votre t\u00e9l\u00e9phone, vous aurez acc\u00e8s \u00e0 toutes les fonctionnalit\u00e9s et avantages de notre casino et pourrez profiter de plus de 6 000 jeux disponibles sur Morospin o\u00f9 que vous soyez. Pour cela, il vous suffit de t\u00e9l\u00e9charger gratuitement Morospin Casino App sur votre t\u00e9l\u00e9phone mobile. Apr\u00e8s une installation simple, en quelques minutes seulement, vous pourrez acc\u00e9der au casino en ligne sur votre t\u00e9l\u00e9phone en utilisant votre compte utilisateur pour commencer \u00e0 jouer ou vous inscrire en tant que nouvel utilisateur si vous n\u2019avez pas encore de compte et profiter de nos g\u00e9n\u00e9reux bonus de bienvenue.<\/p>\n<p>Notre application Morospin fonctionne rapidement et sans probl\u00e8me et vous propose des promotions exclusives telles que des bonus, des tours gratuits et des tournois passionnants. Si vous souhaitez commencer votre aventure directement dans l\u2019application, vous recevrez automatiquement notre bonus de bienvenue de 1 500 \u20ac + 250 tours gratuits apr\u00e8s votre inscription.<\/p>\n<div class=\"banner-wrap\" aria-label=\"Banner\"><img src=\"https:\/\/morospin.net\/wp-content\/uploads\/2025\/05\/aFEyFjrErmrAeKF4kzIx-1.png\" class=\"w-100 d-none d-lg-block img-pc main-banner-img\" alt=\"Morospin Casino Bonus\" fetchpriority=\"high\" decoding=\"async\"><img src=\"https:\/\/morospin.net\/wp-content\/uploads\/2025\/05\/71QBC6UgXlhn7GlXEWCA-1.png\" class=\"w-100 d-none d-md-block d-lg-none main-banner-img\" alt=\"Morospin casino bonus\" fetchpriority=\"high\" decoding=\"async\"><img src=\"https:\/\/morospin.net\/wp-content\/uploads\/2025\/05\/71QBC6UgXlhn7GlXEWCA-1.png\" class=\"w-100 d-md-none\" alt=\"Morospin casino bonus\" fetchpriority=\"high\" decoding=\"async\"><div class=\"banner-description\">\n<div class=\"banner-title\">Bonus de bienvenue<\/div>\n<p class=\"banner-header-title\">1500 \u20ac<\/p>\n<div class=\"banner-header-AdditionalText\">+ 250 Tours Gratuits<\/div>\n<p>&nbsp;<\/p>\n<div class=\"m-button-content\"><button data-item=\"homepage_banner_link\" class=\"goto m-button m-gradient-border m-button--primary m-button--large banner-button btn-orange\">\n            <div class=\"m-button-content\">\n                <span>Inscrivez-vous d\u00e8s maintenant<\/span>\n                <span><\/span>\n            <\/div>\n        <\/button><\/div>\n<p>&nbsp;<\/p>\n<\/div>\n<div class=\"WelcomePack\">\n<p><img loading=\"lazy\" decoding=\"async\" class=\"alignnone size-full wp-image-1442\" src=\"https:\/\/morospin.net\/wp-content\/uploads\/2025\/10\/welcome-crown-1.svg\" alt=\"welcome crown\" width=\"25\" height=\"26\" \/><\/p>\n<div class=\"WelcomePack-Info\">\n<p>Cashback hebdomadaire jusqu&rsquo;\u00e0 25%<\/p>\n<\/div>\n<p><img loading=\"lazy\" decoding=\"async\" class=\"alignnone size-full wp-image-1442\" src=\"https:\/\/morospin.net\/wp-content\/uploads\/2025\/10\/welcome-crown-1.svg\" alt=\"welcome crown\" width=\"25\" height=\"26\" \/><\/p>\n<\/div>\n<\/div>\n<h2>Caract\u00e9ristiques principales<\/h2>\n<p>En acc\u00e9dant \u00e0 Moro Spin Casino, les joueurs peuvent profiter d\u2019un large \u00e9ventail d\u2019options couvrant plus de 6 000 titres provenant des soci\u00e9t\u00e9s les plus connues et les mieux not\u00e9es du secteur. Que vous pr\u00e9f\u00e9riez les classiques, les jeux de hasard populaires ou les jeux de pointe qui offrent une nouvelle exp\u00e9rience gr\u00e2ce \u00e0 nos graphismes et sons avanc\u00e9s, vous trouverez ce que vous cherchez dans notre casino en ligne.<\/p>\n<p>Que vous y acc\u00e9diez directement via notre site Web ou depuis notre application d\u00e9di\u00e9e, chez Morospin, les utilisateurs disposent de sections sp\u00e9cifiques pour r\u00e9pondre \u00e0 tous leurs besoins en mati\u00e8re de jeux, notamment les machines \u00e0 sous, le blackjack, les jeux de poker, la roulette, l\u2019exp\u00e9rience du casino en direct avec des croupiers professionnels ou la participation \u00e0 des tournois passionnants.<\/p>\n<p>Notre casino en ligne Morospin est r\u00e9put\u00e9 pour offrir aux joueurs une exp\u00e9rience s\u00e9curis\u00e9e et immersive dans un environnement convivial, enti\u00e8rement accessible depuis n\u2019importe quel appareil, qu\u2019il s\u2019agisse d\u2019un t\u00e9l\u00e9phone mobile Android ou iOS ou d\u2019un ordinateur Windows ou macOS.<\/p>\n<p>Profitez de notre pack de bienvenue qui comprend jusqu\u2019\u00e0 1 500 \u20ac de bonus et 250 tours gratuits. Effectuez votre premier d\u00e9p\u00f4t avec un bonus de 100 % jusqu\u2019\u00e0 500 \u20ac, plus 150 tours gratuits. Lors de votre deuxi\u00e8me d\u00e9p\u00f4t, vous pouvez obtenir un bonus de 55 % jusqu\u2019\u00e0 500 \u20ac et 100 tours gratuits. Et lors de votre troisi\u00e8me d\u00e9p\u00f4t, profitez d\u2019un bonus de 100 % jusqu\u2019\u00e0 500 \u20ac. Des jackpots, des prix et des bonus g\u00e9n\u00e9reux, ainsi que diverses r\u00e9ductions et une assistance 24 heures sur 24, 7 jours sur 7, compl\u00e8tent une offre unique pour que vous puissiez profiter pleinement de l\u2019exp\u00e9rience.<\/p>\n<p><div style=\"clear: both\"><\/div><div class=\"d-flex justify-content-center\"><button data-item=\"decouvrez_link\" data-group=\"website_links\" class=\"goto fw-bold rounded-pill btn btn-orange\" aria-label=\"Scarica l&#039;App Morospin Casino\" >Scarica l&#039;App Morospin Casino<\/button><\/div><div class=\"scrollable-content-wrap my-5\"><div class=\"scrollable-content-inner\"><h2>APK Morospin Casino (Android)<\/h2>\n<p>Le processus de t\u00e9l\u00e9chargement et d\u2019installation de l\u2019application Morospin casino en ligne sur votre t\u00e9l\u00e9phone mobile Android est aussi rapide que simple. Voici un bref r\u00e9sum\u00e9 des \u00e9tapes \u00e0 suivre pour pouvoir commencer \u00e0 jouer sur notre casino en ligne en quelques minutes seulement :<\/p>\n<ol>\n<li>Cliquez sur le bouton sp\u00e9cifique pour Android et t\u00e9l\u00e9chargez le fichier APK n\u00e9cessaire.<\/li>\n<li>Acceptez le t\u00e9l\u00e9chargement ci-dessous ou, si votre appareil l\u2019exige, activez l\u2019option \u00ab Installer \u00e0 partir de sources inconnues \u00bb dans vos param\u00e8tres de s\u00e9curit\u00e9. Ce message de s\u00e9curit\u00e9 est pr\u00e9configur\u00e9 par d\u00e9faut sur tous les appareils Android lors du t\u00e9l\u00e9chargement en dehors du Google Play Store, mais vous pouvez \u00eatre s\u00fbr que notre application est totalement s\u00fbre pour votre appareil.<\/li>\n<\/ol>\n<p>Une fois l\u2019installation automatique termin\u00e9e, vous pourrez acc\u00e9der \u00e0 l\u2019application avec votre compte utilisateur (cr\u00e9ez-en un si vous n\u2019en avez pas encore) et commencer \u00e0 jouer sur votre t\u00e9l\u00e9phone Android en quelques minutes seulement.<\/p>\n<p><img loading=\"lazy\" decoding=\"async\" class=\"aligncenter wp-image-1164 size-full\" src=\"https:\/\/morospin.net\/wp-content\/uploads\/2025\/04\/1xSn3RTyEhbdqmUvLXCZ.png\" alt=\"morospin app\" width=\"1248\" height=\"536\" \/><\/p>\n<\/div><\/div><div style=\"clear: both\"><\/div><div class=\"d-flex justify-content-center\"><button data-item=\"decouvrez_link\" data-group=\"website_links\" class=\"goto fw-bold rounded-pill btn btn-orange\" aria-label=\"Scarica l&#039;App Morospin Casino\" >Scarica l&#039;App Morospin Casino<\/button><\/div><div class=\"scrollable-content-wrap my-5\"><div class=\"scrollable-content-inner\"><h2>Application Morospin Casino pour iOS<\/h2>\n<p>Le casino en ligne Moro Spin dispose \u00e9galement d\u2019une application d\u00e9di\u00e9e et exclusive pour les appareils fonctionnant sous iOS, afin que vous puissiez profiter d\u2019une meilleure exp\u00e9rience de jeu et acc\u00e9der \u00e0 plus de 6 000 titres directement depuis votre iPhone ou iPad. Il vous suffit de suivre trois \u00e9tapes simples :<\/p>\n<ol>\n<li>Tout d\u2019abord, rendez-vous sur l\u2019App Store depuis votre iPhone ou iPad et tapez \u00ab Morospin Casino \u00bb dans la barre de recherche. Notre application appara\u00eetra en t\u00eate des r\u00e9sultats de recherche. Vous pourrez non seulement t\u00e9l\u00e9charger l\u2019application directement sur votre appareil iOS, mais vous trouverez \u00e9galement une pr\u00e9sentation de l\u2019application.<\/li>\n<li>S\u00e9lectionnez l\u2019option \u00ab T\u00e9l\u00e9charger depuis l\u2019App Store \u00bb pour lancer automatiquement le t\u00e9l\u00e9chargement, puis confirmez simplement l\u2019installation de l\u2019application sur votre appareil iOS.<\/li>\n<li>Une fois t\u00e9l\u00e9charg\u00e9e et install\u00e9e, ouvrez l\u2019application pour vous connecter avec votre compte utilisateur (si vous avez d\u00e9j\u00e0 cr\u00e9\u00e9 un compte) ou inscrivez-vous en tant que nouvel utilisateur et commencez \u00e0 profiter des jeux passionnants et des fonctionnalit\u00e9s uniques offerts par Morospin Casino.<\/li>\n<\/ol>\n<\/div><\/div><div style=\"clear: both\"><\/div><div class=\"d-flex justify-content-center\"><button data-item=\"decouvrez_link\" data-group=\"website_links\" class=\"goto fw-bold rounded-pill btn btn-orange\" aria-label=\"Scarica l&#039;App Morospin Casino\" >Scarica l&#039;App Morospin Casino<\/button><\/div><div class=\"scrollable-content-wrap my-5\"><div class=\"scrollable-content-inner\"><h2>Morospin Casino pour Windows et macOS<\/h2>\n<p>Le site officiel de Morospin Casino est con\u00e7u pour offrir \u00e0 nos joueurs la meilleure exp\u00e9rience possible, quel que soit le syst\u00e8me d\u2019exploitation, l\u2019appareil ou le navigateur qu\u2019ils utilisent pour acc\u00e9der \u00e0 notre casino en ligne, afin qu\u2019ils puissent profiter de leurs jeux pr\u00e9f\u00e9r\u00e9s o\u00f9 qu\u2019ils se trouvent.<\/p>\n<p>Si vous utilisez un ordinateur ou un ordinateur portable fonctionnant sous Windows ou macOS, le site web Morospin Casino sera enti\u00e8rement optimis\u00e9 pour votre appareil lorsque vous le visiterez. Notre interface, avec tous les menus disponibles pour les diff\u00e9rents jeux de machines \u00e0 sous, les croupiers en direct, la roulette ou le blackjack, ainsi que le club VIP et d\u2019autres sections, s\u2019adaptera automatiquement \u00e0 la taille de votre \u00e9cran, afin que vous puissiez naviguer confortablement sur la page, quel que soit le navigateur ou le syst\u00e8me d\u2019exploitation que vous utilisez.<\/p>\n<p>Si vous souhaitez \u00e9galement profiter d\u2019une exp\u00e9rience plus personnalis\u00e9e, nous vous invitons \u00e0 essayer l\u2019application de bureau Morospin Casino. Il s\u2019agit d\u2019un programme d\u00e9velopp\u00e9 sp\u00e9cialement pour les ordinateurs qui vous permettra d\u2019installer notre casino en ligne sur Windows ou macOS et d\u2019acc\u00e9der aux jeux directement via ce programme au lieu d\u2019avoir \u00e0 ouvrir de nouvelles sessions dans votre navigateur chaque fois que vous souhaitez jouer.<\/p>\n<\/div><\/div><div style=\"clear: both\"><\/div><div class=\"d-flex justify-content-center\"><button data-item=\"decouvrez_link\" data-group=\"website_links\" class=\"goto fw-bold rounded-pill btn btn-orange\" aria-label=\"Scarica l&#039;App Morospin Casino\" >Scarica l&#039;App Morospin Casino<\/button><\/div><div class=\"scrollable-content-wrap my-5\"><div class=\"scrollable-content-inner\"><h2>FAQ<\/h2>\n<h3>L\u2019application Morospin Casino dispose-t-elle d\u2019un service client ?<\/h3>\n<p>Oui, l\u2019\u00e9quipe d\u2019assistance de Morospin Casino est disponible 24h\/24 et 7j\/7 pour les clients via n\u2019importe quel appareil, y compris l\u2019application mobile. Vous pouvez contacter notre service client\u00e8le par chat en direct ou par e-mail.<\/p>\n<h3>Puis-je utiliser l\u2019application Morospin Casino sur Windows ou macOS ?<\/h3>\n<p>Le site Web Morospin Casino est optimis\u00e9 pour fonctionner correctement sur n\u2019importe quel appareil Windows ou macOS, mais si vous pr\u00e9f\u00e9rez, vous pouvez \u00e9galement t\u00e9l\u00e9charger l\u2019application de bureau Morospin Casino sp\u00e9cialement pour votre ordinateur ou votre ordinateur portable et profiter d\u2019une exp\u00e9rience plus personnalis\u00e9e.<\/p>\n<h3>Ai-je besoin d\u2019un compte pour utiliser l\u2019application Morospin Casino ?<\/h3>\n<p>Pour utiliser l\u2019application Moro Spin Casino sur votre appareil mobile, vous devez cr\u00e9er un compte utilisateur apr\u00e8s avoir t\u00e9l\u00e9charg\u00e9 l\u2019application sur votre t\u00e9l\u00e9phone afin de pouvoir acc\u00e9der \u00e0 votre compte ; vous pouvez \u00e9galement utiliser le compte utilisateur que vous avez pr\u00e9c\u00e9demment cr\u00e9\u00e9 sur le site et associer vos informations client.<\/p>\n<h3>Puis-je jouer \u00e0 des jeux de casino en direct sur l\u2019application Morospin Casino ?<\/h3>\n<p>Oui, les jeux de casino en direct, la roulette, les machines \u00e0 sous, le blackjack et les croupiers en direct sont \u00e9galement disponibles et optimis\u00e9s pour \u00eatre jou\u00e9s via l\u2019application mobile Morospin Casino.<\/p>\n<h3>Tous les jeux sont-ils \u00e9galement disponibles sur l\u2019application ?<\/h3>\n<p>Oui, quel que soit l\u2019appareil que vous utilisez pour acc\u00e9der au casino en ligne Morospin, ou si vous le faites via notre application mobile, vous b\u00e9n\u00e9ficierez d\u2019un acc\u00e8s complet aux plus de 6 000 jeux disponibles, ainsi qu\u2019\u00e0 toutes les sections du casino, y compris les tournois et les \u00e9v\u00e9nements, et le club VIP.<\/p>\n<h3>Comment mettre \u00e0 jour l\u2019application Morospin Casino ?<\/h3>\n<p>Lorsque vous t\u00e9l\u00e9chargez l\u2019application Moro Spin Casino pour Android ou iOS, la derni\u00e8re version disponible de l\u2019application sera t\u00e9l\u00e9charg\u00e9e et install\u00e9e. Si une mise \u00e0 jour devient disponible \u00e0 une date ult\u00e9rieure, vous recevrez automatiquement une notification pour mettre \u00e0 jour l\u2019application sur votre appareil. Il vous suffit d\u2019accepter la mise \u00e0 jour, et celle-ci s\u2019installera automatiquement, en conservant vos donn\u00e9es utilisateur.<\/p>\n<h3>Comment retirer ses gains via l\u2019application ?<\/h3>\n<p>Vous pouvez retirer vos gains obtenus via l\u2019application Moro Spin Casino en utilisant l\u2019une des diff\u00e9rentes m\u00e9thodes disponibles, notamment les moyens de paiement tels que les cartes de cr\u00e9dit et de d\u00e9bit, Skrill, Neteller, les virements bancaires ou les cryptomonnaies telles que Bitcoin. Le d\u00e9lai de traitement pour recevoir vos gains retir\u00e9s d\u00e9pendra du moyen de paiement que vous aurez choisi.<\/p>\n<\/div><\/div><\/p>\n","protected":false},"excerpt":{"rendered":"<p>Morospin Casino Application En tant que logiciel de casino en ligne \u00e0 la pointe de la technologie, Morospin App est optimis\u00e9e pour tous les appareils, y compris les ordinateurs, les tablettes et les t\u00e9l\u00e9phones mobiles, gr\u00e2ce \u00e0 notre technologie de pointe. Si vous pr\u00e9f\u00e9rez profiter d\u2019une meilleure exp\u00e9rience et jouer \u00e0 vos jeux pr\u00e9f\u00e9r\u00e9s o\u00f9 [&hellip;]<\/p>\n","protected":false},"author":1,"featured_media":0,"parent":0,"menu_order":0,"comment_status":"closed","ping_status":"closed","template":"template-builder.php","meta":{"_acf_changed":false,"inline_featured_image":false,"footnotes":""},"class_list":["post-1501","page","type-page","status-publish","hentry"],"acf":[],"yoast_head":"<!-- This site is optimized with the Yoast SEO plugin v27.3 - https:\/\/yoast.com\/product\/yoast-seo-wordpress\/ -->\n<title>Morospin app \u2013 Android, iOS, Windows et Mac<\/title>\n<meta name=\"description\" content=\"T\u00e9l\u00e9chargez Morospin casino app pour Android, iOS, Windows et Mac. Jouez \u00e0 plus de 6 000 jeux, avec croupiers en direct et machines \u00e0 sous. R\u00e9clamez jusqu\u2019\u00e0 1 500 \u20ac + 250 tours gratuits et profitez de paiements rapides.\" \/>\n<meta name=\"robots\" content=\"index, follow, max-snippet:-1, max-image-preview:large, max-video-preview:-1\" \/>\n<link rel=\"canonical\" href=\"https:\/\/morospin.net\/fr\/app\/\" \/>\n<meta property=\"og:locale\" content=\"fr_FR\" \/>\n<meta property=\"og:type\" content=\"article\" \/>\n<meta property=\"og:title\" content=\"Morospin app \u2013 Android, iOS, Windows et Mac\" \/>\n<meta property=\"og:description\" content=\"T\u00e9l\u00e9chargez Morospin casino app pour Android, iOS, Windows et Mac. Jouez \u00e0 plus de 6 000 jeux, avec croupiers en direct et machines \u00e0 sous. R\u00e9clamez jusqu\u2019\u00e0 1 500 \u20ac + 250 tours gratuits et profitez de paiements rapides.\" \/>\n<meta property=\"og:url\" content=\"https:\/\/morospin.net\/fr\/app\/\" \/>\n<meta property=\"og:site_name\" content=\"Morospin\" \/>\n<meta property=\"article:modified_time\" content=\"2025-12-02T12:27:11+00:00\" \/>\n<meta name=\"twitter:card\" content=\"summary_large_image\" \/>\n<meta name=\"twitter:label1\" content=\"Dur\u00e9e de lecture estim\u00e9e\" \/>\n\t<meta name=\"twitter:data1\" content=\"3 minutes\" \/>\n<script type=\"application\/ld+json\" class=\"yoast-schema-graph\">{\"@context\":\"https:\\\/\\\/schema.org\",\"@graph\":[{\"@type\":\"WebPage\",\"@id\":\"https:\\\/\\\/morospin.net\\\/fr\\\/app\\\/\",\"url\":\"https:\\\/\\\/morospin.net\\\/fr\\\/app\\\/\",\"name\":\"Morospin app \u2013 Android, iOS, Windows et Mac\",\"isPartOf\":{\"@id\":\"https:\\\/\\\/morospin.net\\\/fr\\\/#website\"},\"datePublished\":\"2025-04-02T14:59:58+00:00\",\"dateModified\":\"2025-12-02T12:27:11+00:00\",\"description\":\"T\u00e9l\u00e9chargez Morospin casino app pour Android, iOS, Windows et Mac. Jouez \u00e0 plus de 6 000 jeux, avec croupiers en direct et machines \u00e0 sous. R\u00e9clamez jusqu\u2019\u00e0 1 500 \u20ac + 250 tours gratuits et profitez de paiements rapides.\",\"breadcrumb\":{\"@id\":\"https:\\\/\\\/morospin.net\\\/fr\\\/app\\\/#breadcrumb\"},\"inLanguage\":\"fr-FR\",\"potentialAction\":[{\"@type\":\"ReadAction\",\"target\":[\"https:\\\/\\\/morospin.net\\\/fr\\\/app\\\/\"]}]},{\"@type\":\"BreadcrumbList\",\"@id\":\"https:\\\/\\\/morospin.net\\\/fr\\\/app\\\/#breadcrumb\",\"itemListElement\":[{\"@type\":\"ListItem\",\"position\":1,\"name\":\"Morospin\",\"item\":\"https:\\\/\\\/morospin.net\\\/fr\\\/\"},{\"@type\":\"ListItem\",\"position\":2,\"name\":\"App\"}]},{\"@type\":\"WebSite\",\"@id\":\"https:\\\/\\\/morospin.net\\\/fr\\\/#website\",\"url\":\"https:\\\/\\\/morospin.net\\\/fr\\\/\",\"name\":\"Morospin\",\"description\":\"\",\"publisher\":{\"@id\":\"https:\\\/\\\/morospin.net\\\/fr\\\/#organization\"},\"potentialAction\":[{\"@type\":\"SearchAction\",\"target\":{\"@type\":\"EntryPoint\",\"urlTemplate\":\"https:\\\/\\\/morospin.net\\\/fr\\\/?s={search_term_string}\"},\"query-input\":{\"@type\":\"PropertyValueSpecification\",\"valueRequired\":true,\"valueName\":\"search_term_string\"}}],\"inLanguage\":\"fr-FR\"},{\"@type\":\"Organization\",\"@id\":\"https:\\\/\\\/morospin.net\\\/fr\\\/#organization\",\"name\":\"Morospin\",\"url\":\"https:\\\/\\\/morospin.net\\\/fr\\\/\",\"logo\":{\"@type\":\"ImageObject\",\"inLanguage\":\"fr-FR\",\"@id\":\"https:\\\/\\\/morospin.net\\\/fr\\\/#\\\/schema\\\/logo\\\/image\\\/\",\"url\":\"https:\\\/\\\/morospin.net\\\/wp-content\\\/uploads\\\/2025\\\/02\\\/logo-main.svg\",\"contentUrl\":\"https:\\\/\\\/morospin.net\\\/wp-content\\\/uploads\\\/2025\\\/02\\\/logo-main.svg\",\"width\":65,\"height\":33,\"caption\":\"Morospin\"},\"image\":{\"@id\":\"https:\\\/\\\/morospin.net\\\/fr\\\/#\\\/schema\\\/logo\\\/image\\\/\"}}]}<\/script>\n<!-- \/ Yoast SEO plugin. -->","yoast_head_json":{"title":"Morospin app \u2013 Android, iOS, Windows et Mac","description":"T\u00e9l\u00e9chargez Morospin casino app pour Android, iOS, Windows et Mac. Jouez \u00e0 plus de 6 000 jeux, avec croupiers en direct et machines \u00e0 sous. R\u00e9clamez jusqu\u2019\u00e0 1 500 \u20ac + 250 tours gratuits et profitez de paiements rapides.","robots":{"index":"index","follow":"follow","max-snippet":"max-snippet:-1","max-image-preview":"max-image-preview:large","max-video-preview":"max-video-preview:-1"},"canonical":"https:\/\/morospin.net\/fr\/app\/","og_locale":"fr_FR","og_type":"article","og_title":"Morospin app \u2013 Android, iOS, Windows et Mac","og_description":"T\u00e9l\u00e9chargez Morospin casino app pour Android, iOS, Windows et Mac. Jouez \u00e0 plus de 6 000 jeux, avec croupiers en direct et machines \u00e0 sous. R\u00e9clamez jusqu\u2019\u00e0 1 500 \u20ac + 250 tours gratuits et profitez de paiements rapides.","og_url":"https:\/\/morospin.net\/fr\/app\/","og_site_name":"Morospin","article_modified_time":"2025-12-02T12:27:11+00:00","twitter_card":"summary_large_image","twitter_misc":{"Dur\u00e9e de lecture estim\u00e9e":"3 minutes"},"schema":{"@context":"https:\/\/schema.org","@graph":[{"@type":"WebPage","@id":"https:\/\/morospin.net\/fr\/app\/","url":"https:\/\/morospin.net\/fr\/app\/","name":"Morospin app \u2013 Android, iOS, Windows et Mac","isPartOf":{"@id":"https:\/\/morospin.net\/fr\/#website"},"datePublished":"2025-04-02T14:59:58+00:00","dateModified":"2025-12-02T12:27:11+00:00","description":"T\u00e9l\u00e9chargez Morospin casino app pour Android, iOS, Windows et Mac. Jouez \u00e0 plus de 6 000 jeux, avec croupiers en direct et machines \u00e0 sous. R\u00e9clamez jusqu\u2019\u00e0 1 500 \u20ac + 250 tours gratuits et profitez de paiements rapides.","breadcrumb":{"@id":"https:\/\/morospin.net\/fr\/app\/#breadcrumb"},"inLanguage":"fr-FR","potentialAction":[{"@type":"ReadAction","target":["https:\/\/morospin.net\/fr\/app\/"]}]},{"@type":"BreadcrumbList","@id":"https:\/\/morospin.net\/fr\/app\/#breadcrumb","itemListElement":[{"@type":"ListItem","position":1,"name":"Morospin","item":"https:\/\/morospin.net\/fr\/"},{"@type":"ListItem","position":2,"name":"App"}]},{"@type":"WebSite","@id":"https:\/\/morospin.net\/fr\/#website","url":"https:\/\/morospin.net\/fr\/","name":"Morospin","description":"","publisher":{"@id":"https:\/\/morospin.net\/fr\/#organization"},"potentialAction":[{"@type":"SearchAction","target":{"@type":"EntryPoint","urlTemplate":"https:\/\/morospin.net\/fr\/?s={search_term_string}"},"query-input":{"@type":"PropertyValueSpecification","valueRequired":true,"valueName":"search_term_string"}}],"inLanguage":"fr-FR"},{"@type":"Organization","@id":"https:\/\/morospin.net\/fr\/#organization","name":"Morospin","url":"https:\/\/morospin.net\/fr\/","logo":{"@type":"ImageObject","inLanguage":"fr-FR","@id":"https:\/\/morospin.net\/fr\/#\/schema\/logo\/image\/","url":"https:\/\/morospin.net\/wp-content\/uploads\/2025\/02\/logo-main.svg","contentUrl":"https:\/\/morospin.net\/wp-content\/uploads\/2025\/02\/logo-main.svg","width":65,"height":33,"caption":"Morospin"},"image":{"@id":"https:\/\/morospin.net\/fr\/#\/schema\/logo\/image\/"}}]}},"_links":{"self":[{"href":"https:\/\/morospin.net\/fr\/wp-json\/wp\/v2\/pages\/1501","targetHints":{"allow":["GET"]}}],"collection":[{"href":"https:\/\/morospin.net\/fr\/wp-json\/wp\/v2\/pages"}],"about":[{"href":"https:\/\/morospin.net\/fr\/wp-json\/wp\/v2\/types\/page"}],"author":[{"embeddable":true,"href":"https:\/\/morospin.net\/fr\/wp-json\/wp\/v2\/users\/1"}],"replies":[{"embeddable":true,"href":"https:\/\/morospin.net\/fr\/wp-json\/wp\/v2\/comments?post=1501"}],"version-history":[{"count":3,"href":"https:\/\/morospin.net\/fr\/wp-json\/wp\/v2\/pages\/1501\/revisions"}],"predecessor-version":[{"id":1599,"href":"https:\/\/morospin.net\/fr\/wp-json\/wp\/v2\/pages\/1501\/revisions\/1599"}],"wp:attachment":[{"href":"https:\/\/morospin.net\/fr\/wp-json\/wp\/v2\/media?parent=1501"}],"curies":[{"name":"wp","href":"https:\/\/api.w.org\/{rel}","templated":true}]}}